{"id":42,"date":"2021-08-20T17:08:14","date_gmt":"2021-08-20T17:08:14","guid":{"rendered":"http:\/\/imagia.mx\/wpsite\/?page_id=42"},"modified":"2024-08-16T17:38:49","modified_gmt":"2024-08-16T17:38:49","slug":"servicios","status":"publish","type":"page","link":"https:\/\/imagia.mx\/wpsite\/servicios\/","title":{"rendered":"Servicios"},"content":{"rendered":"\t\t<div data-elementor-type=\"wp-page\" data-elementor-id=\"42\" class=\"elementor elementor-42\">\n\t\t\t\t\t\t<section class=\"elementor-section elementor-top-section elementor-element elementor-element-d04a5e0 elementor-section-boxed elementor-section-height-default elementor-section-height-default\" data-id=\"d04a5e0\" data-element_type=\"section\">\n\t\t\t\t\t\t<div class=\"elementor-container elementor-column-gap-default\">\n\t\t\t\t\t<div class=\"elementor-column elementor-col-100 elementor-top-column elementor-element elementor-element-68c6c72\" data-id=\"68c6c72\" data-element_type=\"column\">\n\t\t\t<div class=\"elementor-widget-wrap elementor-element-populated\">\n\t\t\t\t\t\t<div class=\"elementor-element elementor-element-879bb04 elementor-widget elementor-widget-heading\" data-id=\"879bb04\" data-element_type=\"widget\" data-widget_type=\"heading.default\">\n\t\t\t\t<div class=\"elementor-widget-container\">\n\t\t\t<style>\/*! elementor - v3.23.0 - 05-08-2024 *\/\n.elementor-heading-title{padding:0;margin:0;line-height:1}.elementor-widget-heading .elementor-heading-title[class*=elementor-size-]>a{color:inherit;font-size:inherit;line-height:inherit}.elementor-widget-heading .elementor-heading-title.elementor-size-small{font-size:15px}.elementor-widget-heading .elementor-heading-title.elementor-size-medium{font-size:19px}.elementor-widget-heading .elementor-heading-title.elementor-size-large{font-size:29px}.elementor-widget-heading .elementor-heading-title.elementor-size-xl{font-size:39px}.elementor-widget-heading .elementor-heading-title.elementor-size-xxl{font-size:59px}<\/style><h2 class=\"elementor-heading-title elementor-size-default\">CONOCE NUESTROS SERVICIOS<\/h2>\t\t<\/div>\n\t\t\t\t<\/div>\n\t\t\t\t\t<\/div>\n\t\t<\/div>\n\t\t\t\t\t<\/div>\n\t\t<\/section>\n\t\t\t\t<section class=\"elementor-section elementor-top-section elementor-element elementor-element-5cc22905 elementor-section-content-middle elementor-reverse-mobile elementor-section-boxed elementor-section-height-default elementor-section-height-default\" data-id=\"5cc22905\" data-element_type=\"section\">\n\t\t\t\t\t\t<div class=\"elementor-container elementor-column-gap-no\">\n\t\t\t\t\t<div class=\"elementor-column elementor-col-50 elementor-top-column elementor-element elementor-element-cf71717\" data-id=\"cf71717\" data-element_type=\"column\">\n\t\t\t<div class=\"elementor-widget-wrap elementor-element-populated\">\n\t\t\t\t\t\t<div class=\"elementor-element elementor-element-6bc5899f elementor-widget elementor-widget-heading\" data-id=\"6bc5899f\" data-element_type=\"widget\" data-widget_type=\"heading.default\">\n\t\t\t\t<div class=\"elementor-widget-container\">\n\t\t\t<h4 class=\"elementor-heading-title elementor-size-default\">Ven y pregunta por nuestros servicios...<\/h4>\t\t<\/div>\n\t\t\t\t<\/div>\n\t\t\t\t<div class=\"elementor-element elementor-element-b99b3ae elementor-widget elementor-widget-text-editor\" data-id=\"b99b3ae\" data-element_type=\"widget\" data-widget_type=\"text-editor.default\">\n\t\t\t\t<div class=\"elementor-widget-container\">\n\t\t\t<style>\/*! elementor - v3.23.0 - 05-08-2024 *\/\n.elementor-widget-text-editor.elementor-drop-cap-view-stacked .elementor-drop-cap{background-color:#69727d;color:#fff}.elementor-widget-text-editor.elementor-drop-cap-view-framed .elementor-drop-cap{color:#69727d;border:3px solid;background-color:transparent}.elementor-widget-text-editor:not(.elementor-drop-cap-view-default) .elementor-drop-cap{margin-top:8px}.elementor-widget-text-editor:not(.elementor-drop-cap-view-default) .elementor-drop-cap-letter{width:1em;height:1em}.elementor-widget-text-editor .elementor-drop-cap{float:left;text-align:center;line-height:1;font-size:50px}.elementor-widget-text-editor .elementor-drop-cap-letter{display:inline-block}<\/style>\t\t\t\t<ul><li>Acr\u00edlicos<\/li><li>Aluminio compuesto<\/li><li>Anuncios luminosos<\/li><li>Exhibidores<\/li><li>Letras en relieve<\/li><li>Lona banner<\/li><li>Lona canvas<\/li><li>Lona mesh<\/li><li>Rotulaci\u00f3n sobre r\u00edgidos<\/li><li>Rotulaci\u00f3n vehicular<\/li><li>Se\u00f1alizaci\u00f3n vial y empresarial<\/li><li>Toldos<\/li><li>Vinil de corte<\/li><li>Vinil impreso<\/li><li>Vinil microperforado<\/li><\/ul>\t\t\t\t\t\t<\/div>\n\t\t\t\t<\/div>\n\t\t\t\t<div class=\"elementor-element elementor-element-4df1f41b elementor-widget elementor-widget-button\" data-id=\"4df1f41b\" data-element_type=\"widget\" data-widget_type=\"button.default\">\n\t\t\t\t<div class=\"elementor-widget-container\">\n\t\t\t\t\t<div class=\"elementor-button-wrapper\">\n\t\t\t<a class=\"elementor-button elementor-button-link elementor-size-sm elementor-animation-grow\" href=\"http:\/\/imagia.mx\/wpsite\/galeria\/\">\n\t\t\t\t\t\t<span class=\"elementor-button-content-wrapper\">\n\t\t\t\t\t\t\t\t\t<span class=\"elementor-button-text\">CONOCE M\u00c1S<\/span>\n\t\t\t\t\t<\/span>\n\t\t\t\t\t<\/a>\n\t\t<\/div>\n\t\t\t\t<\/div>\n\t\t\t\t<\/div>\n\t\t\t\t\t<\/div>\n\t\t<\/div>\n\t\t\t\t<div class=\"elementor-column elementor-col-50 elementor-top-column elementor-element elementor-element-1e5ade2d\" data-id=\"1e5ade2d\" data-element_type=\"column\">\n\t\t\t<div class=\"elementor-widget-wrap elementor-element-populated\">\n\t\t\t\t\t\t<div class=\"elementor-element elementor-element-3eb42c4d elementor-widget elementor-widget-image\" data-id=\"3eb42c4d\" data-element_type=\"widget\" data-widget_type=\"image.default\">\n\t\t\t\t<div class=\"elementor-widget-container\">\n\t\t\t<style>\/*! elementor - v3.23.0 - 05-08-2024 *\/\n.elementor-widget-image{text-align:center}.elementor-widget-image a{display:inline-block}.elementor-widget-image a img[src$=\".svg\"]{width:48px}.elementor-widget-image img{vertical-align:middle;display:inline-block}<\/style>\t\t\t\t\t\t\t\t\t\t<img fetchpriority=\"high\" decoding=\"async\" width=\"1080\" height=\"1080\" src=\"https:\/\/imagia.mx\/wpsite\/wp-content\/uploads\/2024\/08\/Ofrecemos-2.png\" class=\"attachment-full size-full wp-image-605\" alt=\"\" srcset=\"https:\/\/imagia.mx\/wpsite\/wp-content\/uploads\/2024\/08\/Ofrecemos-2.png 1080w, https:\/\/imagia.mx\/wpsite\/wp-content\/uploads\/2024\/08\/Ofrecemos-2-300x300.png 300w, https:\/\/imagia.mx\/wpsite\/wp-content\/uploads\/2024\/08\/Ofrecemos-2-1024x1024.png 1024w, https:\/\/imagia.mx\/wpsite\/wp-content\/uploads\/2024\/08\/Ofrecemos-2-150x150.png 150w, https:\/\/imagia.mx\/wpsite\/wp-content\/uploads\/2024\/08\/Ofrecemos-2-768x768.png 768w\" sizes=\"(max-width: 1080px) 100vw, 1080px\" \/>\t\t\t\t\t\t\t\t\t\t\t\t\t<\/div>\n\t\t\t\t<\/div>\n\t\t\t\t\t<\/div>\n\t\t<\/div>\n\t\t\t\t\t<\/div>\n\t\t<\/section>\n\t\t\t\t<\/div>\n\t\t","protected":false},"excerpt":{"rendered":"<p>CONOCE NUESTROS SERVICIOS Ven y pregunta por nuestros servicios&#8230; Acr\u00edlicos Aluminio compuesto Anuncios luminosos Exhibidores Letras en relieve Lona banner Lona canvas Lona mesh Rotulaci\u00f3n sobre r\u00edgidos Rotulaci\u00f3n vehicular Se\u00f1alizaci\u00f3n vial y empresarial Toldos Vinil de corte Vinil impreso Vinil microperforado CONOCE M\u00c1S<\/p>\n","protected":false},"author":1,"featured_media":0,"parent":0,"menu_order":0,"comment_status":"closed","ping_status":"closed","template":"page-templates\/template-pagebuilder-full-width.php","meta":{"ngg_post_thumbnail":0,"footnotes":""},"class_list":["post-42","page","type-page","status-publish","hentry"],"_links":{"self":[{"href":"https:\/\/imagia.mx\/wpsite\/wp-json\/wp\/v2\/pages\/42","targetHints":{"allow":["GET"]}}],"collection":[{"href":"https:\/\/imagia.mx\/wpsite\/wp-json\/wp\/v2\/pages"}],"about":[{"href":"https:\/\/imagia.mx\/wpsite\/wp-json\/wp\/v2\/types\/page"}],"author":[{"embeddable":true,"href":"https:\/\/imagia.mx\/wpsite\/wp-json\/wp\/v2\/users\/1"}],"replies":[{"embeddable":true,"href":"https:\/\/imagia.mx\/wpsite\/wp-json\/wp\/v2\/comments?post=42"}],"version-history":[{"count":41,"href":"https:\/\/imagia.mx\/wpsite\/wp-json\/wp\/v2\/pages\/42\/revisions"}],"predecessor-version":[{"id":608,"href":"https:\/\/imagia.mx\/wpsite\/wp-json\/wp\/v2\/pages\/42\/revisions\/608"}],"wp:attachment":[{"href":"https:\/\/imagia.mx\/wpsite\/wp-json\/wp\/v2\/media?parent=42"}],"curies":[{"name":"wp","href":"https:\/\/api.w.org\/{rel}","templated":true}]}}